{"id":493,"date":"2021-06-28T15:53:31","date_gmt":"2021-06-28T15:53:31","guid":{"rendered":"https:\/\/latinlab.org\/?page_id=493"},"modified":"2021-10-20T16:28:39","modified_gmt":"2021-10-20T16:28:39","slug":"cursos-y-capacitaciones","status":"publish","type":"page","link":"https:\/\/latinlab.org\/index.php\/cursos-y-capacitaciones\/","title":{"rendered":"Cursos y capacitaciones"},"content":{"rendered":"\t\t<div data-elementor-type=\"wp-page\" data-elementor-id=\"493\" class=\"elementor elementor-493\" data-elementor-settings=\"[]\">\n\t\t\t\t\t\t\t<div class=\"elementor-section-wrap\">\n\t\t\t\t\t\t\t<section class=\"elementor-section elementor-top-section elementor-element elementor-element-43cd010 elementor-section-boxed elementor-section-height-default elementor-section-height-default\" data-id=\"43cd010\" data-element_type=\"section\" data-settings=\"{&quot;background_background&quot;:&quot;classic&quot;}\">\n\t\t\t\t\t\t<div class=\"elementor-container elementor-column-gap-default\">\n\t\t\t\t\t<div class=\"elementor-column elementor-col-100 elementor-top-column elementor-element elementor-element-f6ae6fb\" data-id=\"f6ae6fb\" data-element_type=\"column\">\n\t\t\t<div class=\"elementor-widget-wrap elementor-element-populated\">\n\t\t\t\t\t\t\t\t<div class=\"elementor-element elementor-element-0304976 elementor-widget elementor-widget-heading\" data-id=\"0304976\" data-element_type=\"widget\" data-widget_type=\"heading.default\">\n\t\t\t\t<div class=\"elementor-widget-container\">\n\t\t\t<h2 class=\"elementor-heading-title elementor-size-default\">Cursos y capacitaciones<\/h2>\t\t<\/div>\n\t\t\t\t<\/div>\n\t\t\t\t\t<\/div>\n\t\t<\/div>\n\t\t\t\t\t\t\t<\/div>\n\t\t<\/section>\n\t\t\t\t<section class=\"elementor-section elementor-top-section elementor-element elementor-element-03247d3 elementor-section-boxed elementor-section-height-default elementor-section-height-default\" data-id=\"03247d3\" data-element_type=\"section\">\n\t\t\t\t\t\t<div class=\"elementor-container elementor-column-gap-default\">\n\t\t\t\t\t<div class=\"elementor-column elementor-col-100 elementor-top-column elementor-element elementor-element-bbeacc7\" data-id=\"bbeacc7\" data-element_type=\"column\">\n\t\t\t<div class=\"elementor-widget-wrap elementor-element-populated\">\n\t\t\t\t\t\t\t\t<div class=\"elementor-element elementor-element-c8250ee elementor-grid-eael-col-3 elementor-grid-tablet-eael-col-2 elementor-grid-mobile-eael-col-1 elementor-widget elementor-widget-eael-post-grid\" data-id=\"c8250ee\" data-element_type=\"widget\" data-settings=\"{&quot;eael_post_grid_columns&quot;:&quot;eael-col-3&quot;,&quot;eael_post_grid_columns_tablet&quot;:&quot;eael-col-2&quot;,&quot;eael_post_grid_columns_mobile&quot;:&quot;eael-col-1&quot;}\" data-widget_type=\"eael-post-grid.default\">\n\t\t\t\t<div class=\"elementor-widget-container\">\n\t\t\t<div id=\"eael-post-grid-c8250ee\" class=\"eael-post-grid-container\">\n            <div class=\"eael-post-grid eael-post-appender eael-post-appender-c8250ee eael-post-grid-style-default\" data-layout-mode=\"grid\"><article class=\"eael-grid-post eael-post-grid-column\" data-id=\"5078\">\n        <div class=\"eael-grid-post-holder\">\n            <div class=\"eael-grid-post-holder-inner\"><div class=\"eael-entry-media\"><div class=\"eael-entry-overlay fade-in\"><i class=\"fas fa-plus-square\" aria-hidden=\"true\"><\/i><a href=\"https:\/\/latinlab.org\/index.php\/proyectos\/capacitaciones-infancias-y-programas-de-entretenimiento\/\"><\/a><\/div><div class=\"eael-entry-thumbnail\">\n                <img loading=\"lazy\" decoding=\"async\" width=\"225\" height=\"225\" src=\"https:\/\/latinlab.org\/wp-content\/uploads\/2023\/09\/descarga.png\" class=\"attachment-full size-full\" alt=\"\" srcset=\"https:\/\/latinlab.org\/wp-content\/uploads\/2023\/09\/descarga.png 225w, https:\/\/latinlab.org\/wp-content\/uploads\/2023\/09\/descarga-150x150.png 150w\" sizes=\"auto, (max-width: 225px) 100vw, 225px\" \/>\n            <\/div>\n        <\/div><div class=\"eael-entry-wrapper\"><header class=\"eael-entry-header\"><h5 class=\"eael-entry-title\"><a\n                        class=\"eael-grid-post-link\"\n                        href=\"https:\/\/latinlab.org\/index.php\/proyectos\/capacitaciones-infancias-y-programas-de-entretenimiento\/\"\n                        title=\"Capacitaciones \u00abInfancias en programas de entretenimiento\u00bb para Per\u00fa.\">Capacitaciones \u00abInfancias en programas de entretenimiento\u00bb para Per\u00fa.<\/a><\/h5><\/header><div class=\"eael-entry-content\">\n                        <div class=\"eael-grid-post-excerpt\"><p>Ni\u00f1ez y adolescencia en programas de entretenimiento.&nbsp;&nbsp;Aportes para mejorar las producciones televisivas con calidad y enfoque de derechos de ni\u00f1as, ni\u00f1os y adolescentes. Desarrollo y dictado de capacitaciones para productores, editores, realizadores y conductores del Canal Am\u00e9rica TV, Per\u00fa.<\/p><\/div>\n                    <\/div><\/div><\/div>\n        <\/div>\n    <\/article><article class=\"eael-grid-post eael-post-grid-column\" data-id=\"5076\">\n        <div class=\"eael-grid-post-holder\">\n            <div class=\"eael-grid-post-holder-inner\"><div class=\"eael-entry-media\"><div class=\"eael-entry-overlay fade-in\"><i class=\"fas fa-plus-square\" aria-hidden=\"true\"><\/i><a href=\"https:\/\/latinlab.org\/index.php\/proyectos\/comunicacion-e-infancias-cpa-y-unicef\/\"><\/a><\/div><div class=\"eael-entry-thumbnail\">\n                <img loading=\"lazy\" decoding=\"async\" width=\"1080\" height=\"1080\" src=\"https:\/\/latinlab.org\/wp-content\/uploads\/2023\/09\/Carrusel-1-Comunicacion-e-infancia-1.png\" class=\"attachment-full size-full\" alt=\"\" srcset=\"https:\/\/latinlab.org\/wp-content\/uploads\/2023\/09\/Carrusel-1-Comunicacion-e-infancia-1.png 1080w, https:\/\/latinlab.org\/wp-content\/uploads\/2023\/09\/Carrusel-1-Comunicacion-e-infancia-1-300x300.png 300w, https:\/\/latinlab.org\/wp-content\/uploads\/2023\/09\/Carrusel-1-Comunicacion-e-infancia-1-150x150.png 150w, https:\/\/latinlab.org\/wp-content\/uploads\/2023\/09\/Carrusel-1-Comunicacion-e-infancia-1-768x768.png 768w\" sizes=\"auto, (max-width: 1080px) 100vw, 1080px\" \/>\n            <\/div>\n        <\/div><div class=\"eael-entry-wrapper\"><header class=\"eael-entry-header\"><h5 class=\"eael-entry-title\"><a\n                        class=\"eael-grid-post-link\"\n                        href=\"https:\/\/latinlab.org\/index.php\/proyectos\/comunicacion-e-infancias-cpa-y-unicef\/\"\n                        title=\"Marcas e infancias: comunicar con responsabilidad.\">Marcas e infancias: comunicar con responsabilidad.<\/a><\/h5><\/header><div class=\"eael-entry-content\">\n                        <div class=\"eael-grid-post-excerpt\"><p>Conversatorio para agencias y comunicadores: Comunicaci\u00f3n e infancia \u00bfC\u00f3mo usar el poder de la comunicaci\u00f3n para promover los derechos de chicos y chicas? organizado junto a UNICEF y Consejo Publicitario Argentino. Agosto 2023. Latinlab trabaja junto a las marcas para crear contenidos y enfoques respetuosos de las infancias.<\/p><\/div>\n                    <\/div><\/div><\/div>\n        <\/div>\n    <\/article><article class=\"eael-grid-post eael-post-grid-column\" data-id=\"5073\">\n        <div class=\"eael-grid-post-holder\">\n            <div class=\"eael-grid-post-holder-inner\"><div class=\"eael-entry-media\"><div class=\"eael-entry-overlay fade-in\"><i class=\"fas fa-plus-square\" aria-hidden=\"true\"><\/i><a href=\"https:\/\/latinlab.org\/index.php\/proyectos\/capacitaciones-para-canal-nickelodeon-de-paramount\/\"><\/a><\/div><div class=\"eael-entry-thumbnail\">\n                <img loading=\"lazy\" decoding=\"async\" width=\"750\" height=\"500\" src=\"https:\/\/latinlab.org\/wp-content\/uploads\/2023\/09\/nickelodeon_mobile_updated-min.webp\" class=\"attachment-full size-full\" alt=\"\" srcset=\"https:\/\/latinlab.org\/wp-content\/uploads\/2023\/09\/nickelodeon_mobile_updated-min.webp 750w, https:\/\/latinlab.org\/wp-content\/uploads\/2023\/09\/nickelodeon_mobile_updated-min-300x200.webp 300w\" sizes=\"auto, (max-width: 750px) 100vw, 750px\" \/>\n            <\/div>\n        <\/div><div class=\"eael-entry-wrapper\"><header class=\"eael-entry-header\"><h5 class=\"eael-entry-title\"><a\n                        class=\"eael-grid-post-link\"\n                        href=\"https:\/\/latinlab.org\/index.php\/proyectos\/capacitaciones-para-canal-nickelodeon-de-paramount\/\"\n                        title=\"Capacitaciones para equipos de Canal Nickelodeon.\">Capacitaciones para equipos de Canal Nickelodeon.<\/a><\/h5><\/header><div class=\"eael-entry-content\">\n                        <div class=\"eael-grid-post-excerpt\"><p>Desarrollo y dictado de talleres de capacitaci\u00f3n para productores, productoras, equipos de redes y de promociones:&nbsp; \u00abDiversidad e inclusi\u00f3n en contenidos para ni\u00f1os, ni\u00f1as y adolescentes\u00bb. \u00abPerspectiva de g\u00e9nero en contenidos para ni\u00f1os, ni\u00f1as y adolescentes\u00bb.<\/p><\/div>\n                    <\/div><\/div><\/div>\n        <\/div>\n    <\/article><article class=\"eael-grid-post eael-post-grid-column\" data-id=\"4915\">\n        <div class=\"eael-grid-post-holder\">\n            <div class=\"eael-grid-post-holder-inner\"><div class=\"eael-entry-media\"><div class=\"eael-entry-overlay fade-in\"><i class=\"fas fa-plus-square\" aria-hidden=\"true\"><\/i><a href=\"https:\/\/latinlab.org\/index.php\/proyectos\/cursos-seminarios-charlas-y-conferencias\/\"><\/a><\/div><div class=\"eael-entry-thumbnail\">\n                <img loading=\"lazy\" decoding=\"async\" width=\"1198\" height=\"788\" src=\"https:\/\/latinlab.org\/wp-content\/uploads\/2021\/08\/2021-08-24-012546.jpg\" class=\"attachment-full size-full\" alt=\"\" srcset=\"https:\/\/latinlab.org\/wp-content\/uploads\/2021\/08\/2021-08-24-012546.jpg 1198w, https:\/\/latinlab.org\/wp-content\/uploads\/2021\/08\/2021-08-24-012546-300x197.jpg 300w, https:\/\/latinlab.org\/wp-content\/uploads\/2021\/08\/2021-08-24-012546-768x505.jpg 768w, https:\/\/latinlab.org\/wp-content\/uploads\/2021\/08\/2021-08-24-012546-350x230.jpg 350w\" sizes=\"auto, (max-width: 1198px) 100vw, 1198px\" \/>\n            <\/div>\n        <\/div><div class=\"eael-entry-wrapper\"><header class=\"eael-entry-header\"><h5 class=\"eael-entry-title\"><a\n                        class=\"eael-grid-post-link\"\n                        href=\"https:\/\/latinlab.org\/index.php\/proyectos\/cursos-seminarios-charlas-y-conferencias\/\"\n                        title=\"Cursos, seminarios, charlas y conferencias\">Cursos, seminarios, charlas y conferencias<\/a><\/h5><\/header><div class=\"eael-entry-content\">\n                        <div class=\"eael-grid-post-excerpt\"><p>Para instituciones, universidades y festivales, entre ellos, Prix Jeunesse, Japan Prize y Mediamorfosis.<\/p><\/div>\n                    <\/div><\/div><\/div>\n        <\/div>\n    <\/article><article class=\"eael-grid-post eael-post-grid-column\" data-id=\"4669\">\n        <div class=\"eael-grid-post-holder\">\n            <div class=\"eael-grid-post-holder-inner\"><div class=\"eael-entry-media\"><div class=\"eael-entry-overlay fade-in\"><i class=\"fas fa-plus-square\" aria-hidden=\"true\"><\/i><a href=\"https:\/\/latinlab.org\/index.php\/proyectos\/curso-virtual-ninez-en-las-noticias-en-plataforma-virtual-latinlab\/\"><\/a><\/div><div class=\"eael-entry-thumbnail\">\n                <img loading=\"lazy\" decoding=\"async\" width=\"320\" height=\"256\" src=\"https:\/\/latinlab.org\/wp-content\/uploads\/2014\/08\/newspaper-kids-poster-c12438731.jpg\" class=\"attachment-full size-full\" alt=\"\" srcset=\"https:\/\/latinlab.org\/wp-content\/uploads\/2014\/08\/newspaper-kids-poster-c12438731.jpg 320w, https:\/\/latinlab.org\/wp-content\/uploads\/2014\/08\/newspaper-kids-poster-c12438731-300x240.jpg 300w\" sizes=\"auto, (max-width: 320px) 100vw, 320px\" \/>\n            <\/div>\n        <\/div><div class=\"eael-entry-wrapper\"><header class=\"eael-entry-header\"><h5 class=\"eael-entry-title\"><a\n                        class=\"eael-grid-post-link\"\n                        href=\"https:\/\/latinlab.org\/index.php\/proyectos\/curso-virtual-ninez-en-las-noticias-en-plataforma-virtual-latinlab\/\"\n                        title=\"Curso virtual \u201cNi\u00f1ez en las noticias\u201d en plataforma virtual Latinlab\">Curso virtual \u201cNi\u00f1ez en las noticias\u201d en plataforma virtual Latinlab<\/a><\/h5><\/header><div class=\"eael-entry-content\">\n                        <div class=\"eael-grid-post-excerpt\"><p>Para plataforma virtual LATINLAB. 2014-2015<\/p><\/div>\n                    <\/div><\/div><\/div>\n        <\/div>\n    <\/article><article class=\"eael-grid-post eael-post-grid-column\" data-id=\"4667\">\n        <div class=\"eael-grid-post-holder\">\n            <div class=\"eael-grid-post-holder-inner\"><div class=\"eael-entry-media\"><div class=\"eael-entry-overlay fade-in\"><i class=\"fas fa-plus-square\" aria-hidden=\"true\"><\/i><a href=\"https:\/\/latinlab.org\/index.php\/proyectos\/curso-virtual-como-escribir-para-chicos-y-chicas-en-plataforma-virtual-latinlab\/\"><\/a><\/div><div class=\"eael-entry-thumbnail\">\n                <img loading=\"lazy\" decoding=\"async\" width=\"668\" height=\"425\" src=\"https:\/\/latinlab.org\/wp-content\/uploads\/2021\/08\/04.jpg\" class=\"attachment-full size-full\" alt=\"\" srcset=\"https:\/\/latinlab.org\/wp-content\/uploads\/2021\/08\/04.jpg 668w, https:\/\/latinlab.org\/wp-content\/uploads\/2021\/08\/04-300x191.jpg 300w, https:\/\/latinlab.org\/wp-content\/uploads\/2021\/08\/04-350x223.jpg 350w\" sizes=\"auto, (max-width: 668px) 100vw, 668px\" \/>\n            <\/div>\n        <\/div><div class=\"eael-entry-wrapper\"><header class=\"eael-entry-header\"><h5 class=\"eael-entry-title\"><a\n                        class=\"eael-grid-post-link\"\n                        href=\"https:\/\/latinlab.org\/index.php\/proyectos\/curso-virtual-como-escribir-para-chicos-y-chicas-en-plataforma-virtual-latinlab\/\"\n                        title=\"Curso virtual \u201cC\u00f3mo escribir para chicos y chicas\u201d\">Curso virtual \u201cC\u00f3mo escribir para chicos y chicas\u201d<\/a><\/h5><\/header><div class=\"eael-entry-content\">\n                        <div class=\"eael-grid-post-excerpt\"><p>Para plataforma virtual LATINLAB. 2017-2018<\/p><\/div>\n                    <\/div><\/div><\/div>\n        <\/div>\n    <\/article><\/div>\n            <div class=\"clearfix\"><\/div>\n        <\/div>            <div class=\"eael-load-more-button-wrap\">\n                <button class=\"eael-load-more-button\" id=\"eael-load-more-btn-c8250ee\" data-widget-id=\"c8250ee\" data-widget=\"c8250ee\" data-page-id=\"493\" data-nonce=\"9a5b65bb9a\" data-template=\"{&quot;dir&quot;:&quot;lite&quot;,&quot;file_name&quot;:&quot;default.php&quot;,&quot;name&quot;:&quot;Post-Grid&quot;}\" data-class=\"Essential_Addons_Elementor\\Elements\\Post_Grid\" data-layout=\"grid\" data-page=\"1\" data-args=\"orderby=date&amp;order=desc&amp;ignore_sticky_posts=1&amp;post_status=publish&amp;posts_per_page=6&amp;offset=0&amp;post_type=proyectos&amp;tax_query%5B0%5D%5Btaxonomy%5D=tipo&amp;tax_query%5B0%5D%5Bfield%5D=term_id&amp;tax_query%5B0%5D%5Bterms%5D%5B0%5D=5&amp;tax_query%5Brelation%5D=AND\" data-max-page=\"2\">\n                    <div class=\"eael-btn-loader button__loader\"><\/div>\n                    <span>Cargar m\u00e1s<\/span>\n                <\/button>\n            <\/div>\n        \t\t<\/div>\n\t\t\t\t<\/div>\n\t\t\t\t\t<\/div>\n\t\t<\/div>\n\t\t\t\t\t\t\t<\/div>\n\t\t<\/section>\n\t\t\t\t\t\t<\/div>\n\t\t\t\t\t<\/div>\n\t\t","protected":false},"excerpt":{"rendered":"<p>Cursos y capacitaciones Cursos, seminarios, charlas y conferencias Para instituciones, universidades y festivales, entre ellos, Prix Jeunesse, Japan Prize y Mediamorfosis. Curso virtual \u201cNi\u00f1ez en las noticias\u201d en plataforma virtual Latinlab Para plataforma virtual LATINLAB. 2014-2015 Curso virtual \u201cC\u00f3mo escribir para chicos y chicas\u201d Para plataforma virtual LATINLAB. 2017-2018 Curso virtual: \u201cDe la realizaci\u00f3n a &hellip;<\/p>\n<p class=\"read-more\"> <a class=\"\" href=\"https:\/\/latinlab.org\/index.php\/proyectos\/curso-virtual-como-escribir-para-chicos-y-chicas-en-plataforma-virtual-latinlab\/\"> <span class=\"screen-reader-text\">Curso virtual \u201cC\u00f3mo escribir para chicos y chicas\u201d<\/span> Leer m\u00e1s &raquo;<\/a><\/p>\n","protected":false},"author":1,"featured_media":0,"parent":0,"menu_order":0,"comment_status":"closed","ping_status":"closed","template":"","meta":{"footnotes":""},"class_list":["post-493","page","type-page","status-publish","hentry"],"_links":{"self":[{"href":"https:\/\/latinlab.org\/index.php\/wp-json\/wp\/v2\/pages\/493","targetHints":{"allow":["GET"]}}],"collection":[{"href":"https:\/\/latinlab.org\/index.php\/wp-json\/wp\/v2\/pages"}],"about":[{"href":"https:\/\/latinlab.org\/index.php\/wp-json\/wp\/v2\/types\/page"}],"author":[{"embeddable":true,"href":"https:\/\/latinlab.org\/index.php\/wp-json\/wp\/v2\/users\/1"}],"replies":[{"embeddable":true,"href":"https:\/\/latinlab.org\/index.php\/wp-json\/wp\/v2\/comments?post=493"}],"version-history":[{"count":6,"href":"https:\/\/latinlab.org\/index.php\/wp-json\/wp\/v2\/pages\/493\/revisions"}],"predecessor-version":[{"id":4937,"href":"https:\/\/latinlab.org\/index.php\/wp-json\/wp\/v2\/pages\/493\/revisions\/4937"}],"wp:attachment":[{"href":"https:\/\/latinlab.org\/index.php\/wp-json\/wp\/v2\/media?parent=493"}],"curies":[{"name":"wp","href":"https:\/\/api.w.org\/{rel}","templated":true}]}}